{"id":2,"date":"2024-10-17T17:59:02","date_gmt":"2024-10-17T15:59:02","guid":{"rendered":"https:\/\/www.wildandfriend.cedei.com.co\/?page_id=2"},"modified":"2025-04-29T18:07:31","modified_gmt":"2025-04-29T16:07:31","slug":"pagina-di-esempio","status":"publish","type":"page","link":"https:\/\/www.wildandfriend.cedei.com.co\/","title":{"rendered":"Home"},"content":{"rendered":"<div class=\"box_master_1\">\n<div class=\"clearfix\">\n<div class=\"box_sx \" style=\"text-align: right;\">\n<h1 style=\"text-align: right;\">Wild &amp; Friend&#8230;<br \/>\n<em>c\u2019\u00e8 vita intorno a te!<\/em><\/h1>\n<p style=\"text-align: right;\">Wild &amp; Friend \u00e8 un progetto di educazione ambientale, pensato e progetto dall&#8217;illustratore Fabio Mati, per la diffusione della conoscenza e la promozione della cura e conservazione della flora e della fauna selvatica. Questo progetto propone l\u2019uso della metodologia CEDEI (<a href=\"http:\/\/www.italia.cedei.com.co\" target=\"_blank\" rel=\"noopener\">www.italia.cedei.com.co<\/a>) per la sua attuazione, sia con ragazze e ragazzi che con insegnanti nelle scuole.<\/p>\n<\/div>\n<div class=\"box_dx\"><img loading=\"lazy\" decoding=\"async\" class=\"alignnone wp-image-391 size-full\" src=\"https:\/\/www.wildandfriend.cedei.com.co\/wp-content\/uploads\/2025\/02\/pexels-erik-karits-2093459-27936485-scaled-e1739949582785.jpg\" alt=\"\" width=\"2130\" height=\"1707\" srcset=\"https:\/\/www.wildandfriend.cedei.com.co\/wp-content\/uploads\/2025\/02\/pexels-erik-karits-2093459-27936485-scaled-e1739949582785.jpg 2130w, https:\/\/www.wildandfriend.cedei.com.co\/wp-content\/uploads\/2025\/02\/pexels-erik-karits-2093459-27936485-scaled-e1739949582785-300x240.jpg 300w, https:\/\/www.wildandfriend.cedei.com.co\/wp-content\/uploads\/2025\/02\/pexels-erik-karits-2093459-27936485-scaled-e1739949582785-1024x821.jpg 1024w, https:\/\/www.wildandfriend.cedei.com.co\/wp-content\/uploads\/2025\/02\/pexels-erik-karits-2093459-27936485-scaled-e1739949582785-768x615.jpg 768w, https:\/\/www.wildandfriend.cedei.com.co\/wp-content\/uploads\/2025\/02\/pexels-erik-karits-2093459-27936485-scaled-e1739949582785-1536x1231.jpg 1536w, https:\/\/www.wildandfriend.cedei.com.co\/wp-content\/uploads\/2025\/02\/pexels-erik-karits-2093459-27936485-scaled-e1739949582785-2048x1641.jpg 2048w, https:\/\/www.wildandfriend.cedei.com.co\/wp-content\/uploads\/2025\/02\/pexels-erik-karits-2093459-27936485-scaled-e1739949582785-100x80.jpg 100w, https:\/\/www.wildandfriend.cedei.com.co\/wp-content\/uploads\/2025\/02\/pexels-erik-karits-2093459-27936485-scaled-e1739949582785-150x120.jpg 150w, https:\/\/www.wildandfriend.cedei.com.co\/wp-content\/uploads\/2025\/02\/pexels-erik-karits-2093459-27936485-scaled-e1739949582785-200x160.jpg 200w, https:\/\/www.wildandfriend.cedei.com.co\/wp-content\/uploads\/2025\/02\/pexels-erik-karits-2093459-27936485-scaled-e1739949582785-450x361.jpg 450w, https:\/\/www.wildandfriend.cedei.com.co\/wp-content\/uploads\/2025\/02\/pexels-erik-karits-2093459-27936485-scaled-e1739949582785-600x481.jpg 600w, https:\/\/www.wildandfriend.cedei.com.co\/wp-content\/uploads\/2025\/02\/pexels-erik-karits-2093459-27936485-scaled-e1739949582785-900x721.jpg 900w\" sizes=\"auto, (max-width: 2130px) 100vw, 2130px\" \/><\/div>\n<\/div>\n<\/div>\n<div>&nbsp;<\/div>\n<div style=\"text-align: center;\">      <div id=\"post-grid-lazy-86\" class=\"post-grid-lazy\"><img decoding=\"async\" alt=\"\" src=\"\" \/><\/div>\n    <script>\n      jQuery('#post-grid-lazy-86').ready(function($) {\n        $('#post-grid-lazy-86').fadeOut();\n        $('#post-grid-86   ').fadeIn();\n      })\n    <\/script>\n    <style type=\"text\/css\">\n      #post-grid-86 {\n        display: none;\n      }\n\n      .post-grid-lazy {\n        text-align: center;\n      }\n    <\/style>\n    <div data-options='{&quot;id&quot;:&quot;86&quot;,&quot;lazy_load&quot;:&quot;yes&quot;,&quot;masonry_enable&quot;:&quot;no&quot;,&quot;view_type&quot;:&quot;grid&quot;}' id=\"post-grid-86\" class=\"post-grid grid\">\n    \n\n\n    <div class=\"grid-items\">\n      <div class=\"item item-526 skin flat even 0 \">\n        <div class=\"layer-wrapper layout-\">\n        <div class=\"layer-media\"><\/div>\n  <div class=\"layer-content\">\n        <div\r\n        class=\"element element_0  element-media \">\r\n        <a target=\"_self\" href=\"https:\/\/www.wildandfriend.cedei.com.co\/?p=526\"><img loading=\"lazy\" decoding=\"async\" width=\"605\" height=\"398\" src=\"https:\/\/www.wildandfriend.cedei.com.co\/wp-content\/uploads\/2025\/04\/MIDA-2025-1024x674.jpg\" class=\"attachment-large size-large wp-post-image\" alt=\"\" \/><\/a>    <\/div>\r\n    <div class=\"element element_1  title_link \">\r\n                    <a target=\"\"\r\n                href=\"https:\/\/www.wildandfriend.cedei.com.co\/?p=526\">Mostra Internazionale dell&#8217;Artigianato &#8211; Firenze<\/a>\r\n            <\/div>\r\n    <div class=\"element element_2  excerpt \">\r\n        Wild &amp; Friend, dal 25 aprile a 1 maggio, sar\u00e0 al MIDA di Firenze con i taccuini pubblicati dalla casa            <\/div>\r\n            <a class=\"element element_3  read_more \"\r\n            target=\"\"\r\n            href=\"https:\/\/www.wildandfriend.cedei.com.co\/?p=526\"><\/a>\r\n      <\/div>\n    <\/div>\n  <\/div><div class=\"item item-352 skin flat odd 1 \">\n        <div class=\"layer-wrapper layout-\">\n        <div class=\"layer-media\"><\/div>\n  <div class=\"layer-content\">\n        <div\r\n        class=\"element element_0  element-media \">\r\n        <a target=\"_self\" href=\"https:\/\/www.wildandfriend.cedei.com.co\/?p=352\"><img loading=\"lazy\" decoding=\"async\" width=\"605\" height=\"538\" src=\"https:\/\/www.wildandfriend.cedei.com.co\/wp-content\/uploads\/2025\/02\/laboratorio-api-19022025_1-e1741857522428-1024x910.jpeg\" class=\"attachment-large size-large wp-post-image\" alt=\"\" \/><\/a>    <\/div>\r\n    <div class=\"element element_1  title_link \">\r\n                    <a target=\"\"\r\n                href=\"https:\/\/www.wildandfriend.cedei.com.co\/?p=352\">Un&#8217;ape tra i banchi<\/a>\r\n            <\/div>\r\n    <div class=\"element element_2  excerpt \">\r\n        Il laboratorio Un ape tra i banchi vuole promuovere una maggiora consapevolezza sull'importanza delle api per l'ecosistema e l'agricoltura. Il            <\/div>\r\n            <a class=\"element element_3  read_more \"\r\n            target=\"\"\r\n            href=\"https:\/\/www.wildandfriend.cedei.com.co\/?p=352\"><\/a>\r\n      <\/div>\n    <\/div>\n  <\/div><div class=\"item item-516 skin flat even 2 \">\n        <div class=\"layer-wrapper layout-\">\n        <div class=\"layer-media\"><\/div>\n  <div class=\"layer-content\">\n        <div\r\n        class=\"element element_0  element-media \">\r\n        <a target=\"_self\" href=\"https:\/\/www.wildandfriend.cedei.com.co\/?p=516\"><img loading=\"lazy\" decoding=\"async\" width=\"605\" height=\"517\" src=\"https:\/\/www.wildandfriend.cedei.com.co\/wp-content\/uploads\/2025\/03\/regina-1.png\" class=\"attachment-large size-large wp-post-image\" alt=\"\" \/><\/a>    <\/div>\r\n    <div class=\"element element_1  title_link \">\r\n                    <a target=\"\"\r\n                href=\"https:\/\/www.wildandfriend.cedei.com.co\/?p=516\">La regina<\/a>\r\n            <\/div>\r\n    <div class=\"element element_2  excerpt \">\r\n        Durante i controlli periodici delle arnie \u00e8 frequente incontrare la regina intenta nella deposizione delle uova. Non \u00e8 per\u00f2 facile            <\/div>\r\n            <a class=\"element element_3  read_more \"\r\n            target=\"\"\r\n            href=\"https:\/\/www.wildandfriend.cedei.com.co\/?p=516\"><\/a>\r\n      <\/div>\n    <\/div>\n  <\/div><div class=\"item item-507 skin flat odd 3 \">\n        <div class=\"layer-wrapper layout-\">\n        <div class=\"layer-media\"><\/div>\n  <div class=\"layer-content\">\n        <div\r\n        class=\"element element_0  element-media \">\r\n        <a target=\"_self\" href=\"https:\/\/www.wildandfriend.cedei.com.co\/?p=507\"><img loading=\"lazy\" decoding=\"async\" width=\"605\" height=\"568\" src=\"https:\/\/www.wildandfriend.cedei.com.co\/wp-content\/uploads\/2022\/06\/smelatore.png\" class=\"attachment-large size-large wp-post-image\" alt=\"\" \/><\/a>    <\/div>\r\n    <div class=\"element element_1  title_link \">\r\n                    <a target=\"\"\r\n                href=\"https:\/\/www.wildandfriend.cedei.com.co\/?p=507\">Prima smielatura<\/a>\r\n            <\/div>\r\n    <div class=\"element element_2  excerpt \">\r\n        Finalmente dopo un periodo di duro lavoro ecco il momento della smielatura. Grazie alle nostre api che ci hanno regalato            <\/div>\r\n            <a class=\"element element_3  read_more \"\r\n            target=\"\"\r\n            href=\"https:\/\/www.wildandfriend.cedei.com.co\/?p=507\"><\/a>\r\n      <\/div>\n    <\/div>\n  <\/div><div class=\"item item-357 skin flat even 4 \">\n        <div class=\"layer-wrapper layout-\">\n        <div class=\"layer-media\"><\/div>\n  <div class=\"layer-content\">\n        <div\r\n        class=\"element element_0  element-media \">\r\n        <a target=\"_self\" href=\"https:\/\/www.wildandfriend.cedei.com.co\/?p=357\"><img loading=\"lazy\" decoding=\"async\" width=\"605\" height=\"402\" src=\"https:\/\/www.wildandfriend.cedei.com.co\/wp-content\/uploads\/2024\/10\/DSC_9742-1024x680.jpg\" class=\"attachment-large size-large wp-post-image\" alt=\"\" \/><\/a>    <\/div>\r\n    <div class=\"element element_1  title_link \">\r\n                    <a target=\"\"\r\n                href=\"https:\/\/www.wildandfriend.cedei.com.co\/?p=357\">Inaugurazione apiario<\/a>\r\n            <\/div>\r\n    <div class=\"element element_2  excerpt \">\r\n        E' stato inaugurato l'apiario presso l'agricampeggio le Carbonaie. L\u2019apiario si trova a 600 mt di altezza in un contesto lontano            <\/div>\r\n            <a class=\"element element_3  read_more \"\r\n            target=\"\"\r\n            href=\"https:\/\/www.wildandfriend.cedei.com.co\/?p=357\"><\/a>\r\n      <\/div>\n    <\/div>\n  <\/div><div class=\"item item-83 skin flat odd 5 \">\n        <div class=\"layer-wrapper layout-\">\n        <div class=\"layer-media\"><\/div>\n  <div class=\"layer-content\">\n        <div\r\n        class=\"element element_0  element-media \">\r\n        <a target=\"_self\" href=\"https:\/\/www.wildandfriend.cedei.com.co\/?p=83\"><img loading=\"lazy\" decoding=\"async\" width=\"605\" height=\"431\" src=\"https:\/\/www.wildandfriend.cedei.com.co\/wp-content\/uploads\/2024\/10\/installazione-topBar.jpg\" class=\"attachment-large size-large wp-post-image\" alt=\"\" \/><\/a>    <\/div>\r\n    <div class=\"element element_1  title_link \">\r\n                    <a target=\"\"\r\n                href=\"https:\/\/www.wildandfriend.cedei.com.co\/?p=83\">Installazione di arnia Top Bar<\/a>\r\n            <\/div>\r\n    <div class=\"element element_2  excerpt \">\r\n        Installazione di arnia Top-bar conosciuta anche come arnia Kenya.            <\/div>\r\n            <a class=\"element element_3  read_more \"\r\n            target=\"\"\r\n            href=\"https:\/\/www.wildandfriend.cedei.com.co\/?p=83\"><\/a>\r\n      <\/div>\n    <\/div>\n  <\/div><div class=\"item item-355 skin flat even 6 \">\n        <div class=\"layer-wrapper layout-\">\n        <div class=\"layer-media\"><\/div>\n  <div class=\"layer-content\">\n        <div\r\n        class=\"element element_0  element-media \">\r\n        <a target=\"_self\" href=\"https:\/\/www.wildandfriend.cedei.com.co\/?p=355\"><img loading=\"lazy\" decoding=\"async\" width=\"600\" height=\"399\" src=\"https:\/\/www.wildandfriend.cedei.com.co\/wp-content\/uploads\/2024\/10\/wild-and-friend_005-600x399-1.jpg\" class=\"attachment-large size-large wp-post-image\" alt=\"\" \/><\/a>    <\/div>\r\n    <div class=\"element element_1  title_link \">\r\n                    <a target=\"\"\r\n                href=\"https:\/\/www.wildandfriend.cedei.com.co\/?p=355\">Wild &#038; Friend alle Carbonaie<\/a>\r\n            <\/div>\r\n    <div class=\"element element_2  excerpt \">\r\n        Presentazione del progetto Wild and Friend all'agricampeggio Le Carbonaie e attivit\u00e0 con i bambin*.            <\/div>\r\n            <a class=\"element element_3  read_more \"\r\n            target=\"\"\r\n            href=\"https:\/\/www.wildandfriend.cedei.com.co\/?p=355\"><\/a>\r\n      <\/div>\n    <\/div>\n  <\/div>    <\/div>\n    <div class=\"pagination\">\n      <div class=\"paginate\">\n      <\/div>\n  <style type=\"text\/css\">\n    #post-grid-86 .pagination .page-numbers {\n      font-size: 16px;\n      color: #fff;\n      background: #646464;\n    }\n\n    #post-grid-86 .pagination .page-numbers:hover,\n    #post-grid-86 .pagination .page-numbers.current {\n      background: #4b4b4b;\n    }\n  <\/style>\n  <\/div>\n      <script>\n          <\/script>\n    <style type=\"text\/css\">\n    #post-grid-86 .element_0 {\n      display: block;font-size: 21px;line-height: normal;padding: 5px 10px;text-align: left; text-decoration: none;    }\n\n    #post-grid-86 .element_1 {\n      display: block;font-size: 21px;line-height: normal;padding: 5px 10px;text-align: left; text-decoration: none;    }\n\n    #post-grid-86 .element_2 {\n      display: block;font-size: 14px;padding: 5px 10px;text-align: left;    }\n\n    #post-grid-86 .element_3 {\n      display: block;font-size: 12px;font-weight: bold;padding: 0 10px;text-align: left;text-decoration: none;    }\n\n    #post-grid-86 .element_0:hover{}#post-grid-86 .element_1:hover{}#post-grid-86 .element_2:hover{}#post-grid-86 .element_3:hover{}  <\/style>\n  <style type=\"text\/css\">\n    #post-grid-86 {\n          }\n\n    #post-grid-86 .item {\n      padding: 0px;\n      background: #fff;\n          }\n\n    #post-grid-86 .item .layer-media {\n      height:auto;    }\n\n    @media only screen and (min-width: 0px) and (max-width: 767px) {\n      #post-grid-86 .grid-items {\n        display: grid;\n        grid-template-columns: 1fr ;\n        column-gap: 10px;\n        row-gap: 10px;\n              }\n\n      #post-grid-86 .item {\n        height:auto;      }\n    }\n\n    @media only screen and (min-width: 768px) and (max-width: 1023px) {\n      #post-grid-86 .grid-items {\n        display: grid;\n        grid-template-columns: 1fr 1fr ;\n        column-gap: 10px;\n        row-gap: 10px;\n              }\n\n      #post-grid-86 .item {\n        max-height:auto;      }\n    }\n\n    @media only screen and (min-width: 1024px) {\n      #post-grid-86 .grid-items {\n        display: grid;\n        grid-template-columns: 1fr 1fr 1fr ;\n        column-gap: 10px;\n        row-gap: 10px;\n              }\n\n      #post-grid-86 .item {\n        height:auto;      }\n    }\n\n      <\/style>\n  <\/div>\n<\/div>\n<div class=\"box_master_1\">\n<div class=\"box_master_2\">\n<div>&nbsp;<\/div>\n<div class=\"clearfix\" style=\"text-align: center;\">Wild &amp; Friend \u00e8 un progetto Free From Social Media. Tuteliamo la salute dei pi\u00f9 piccoli.<br \/>\n<img loading=\"lazy\" decoding=\"async\" class=\"alignnone wp-image-124\" src=\"https:\/\/www.wildandfriend.cedei.com.co\/wp-content\/uploads\/2025\/02\/free-from-social-media.png\" alt=\"\" width=\"134\" height=\"80\" srcset=\"https:\/\/www.wildandfriend.cedei.com.co\/wp-content\/uploads\/2025\/02\/free-from-social-media.png 621w, https:\/\/www.wildandfriend.cedei.com.co\/wp-content\/uploads\/2025\/02\/free-from-social-media-300x179.png 300w, https:\/\/www.wildandfriend.cedei.com.co\/wp-content\/uploads\/2025\/02\/free-from-social-media-100x60.png 100w, https:\/\/www.wildandfriend.cedei.com.co\/wp-content\/uploads\/2025\/02\/free-from-social-media-150x89.png 150w, https:\/\/www.wildandfriend.cedei.com.co\/wp-content\/uploads\/2025\/02\/free-from-social-media-200x119.png 200w, https:\/\/www.wildandfriend.cedei.com.co\/wp-content\/uploads\/2025\/02\/free-from-social-media-450x268.png 450w, https:\/\/www.wildandfriend.cedei.com.co\/wp-content\/uploads\/2025\/02\/free-from-social-media-600x357.png 600w\" sizes=\"auto, (max-width: 134px) 100vw, 134px\" \/><\/div>\n<\/div>\n<\/div>\n","protected":false},"excerpt":{"rendered":"<p>Wild &amp; Friend&#8230; c\u2019\u00e8 vita intorno a te! Wild &amp; Friend \u00e8 un progetto di educazione ambientale, pensato e progetto dall&#8217;illustratore Fabio Mati, per la diffusione della conoscenza e la promozione della cura e conservazione della flora e della fauna &hellip;<\/p>\n<p class=\"read-more\"> <a class=\"more-link\" href=\"https:\/\/www.wildandfriend.cedei.com.co\/?p=526\"> <span class=\"screen-reader-text\">Mostra Internazionale dell&#8217;Artigianato &#8211; Firenze<\/span> Read More &raquo;<\/a><\/p>\n","protected":false},"author":1,"featured_media":0,"parent":0,"menu_order":0,"comment_status":"closed","ping_status":"open","template":"","meta":{"ngg_post_thumbnail":0,"footnotes":""},"class_list":["post-2","page","type-page","status-publish","hentry"],"_links":{"self":[{"href":"https:\/\/www.wildandfriend.cedei.com.co\/index.php?rest_route=\/wp\/v2\/pages\/2","targetHints":{"allow":["GET"]}}],"collection":[{"href":"https:\/\/www.wildandfriend.cedei.com.co\/index.php?rest_route=\/wp\/v2\/pages"}],"about":[{"href":"https:\/\/www.wildandfriend.cedei.com.co\/index.php?rest_route=\/wp\/v2\/types\/page"}],"author":[{"embeddable":true,"href":"https:\/\/www.wildandfriend.cedei.com.co\/index.php?rest_route=\/wp\/v2\/users\/1"}],"replies":[{"embeddable":true,"href":"https:\/\/www.wildandfriend.cedei.com.co\/index.php?rest_route=%2Fwp%2Fv2%2Fcomments&post=2"}],"version-history":[{"count":72,"href":"https:\/\/www.wildandfriend.cedei.com.co\/index.php?rest_route=\/wp\/v2\/pages\/2\/revisions"}],"predecessor-version":[{"id":523,"href":"https:\/\/www.wildandfriend.cedei.com.co\/index.php?rest_route=\/wp\/v2\/pages\/2\/revisions\/523"}],"wp:attachment":[{"href":"https:\/\/www.wildandfriend.cedei.com.co\/index.php?rest_route=%2Fwp%2Fv2%2Fmedia&parent=2"}],"curies":[{"name":"wp","href":"https:\/\/api.w.org\/{rel}","templated":true}]}}